{"id":2492,"date":"2023-07-03T18:58:29","date_gmt":"2023-07-03T17:58:29","guid":{"rendered":"https:\/\/cgeps.org\/?page_id=2492"},"modified":"2023-07-12T03:21:34","modified_gmt":"2023-07-12T02:21:34","slug":"landing","status":"publish","type":"page","link":"https:\/\/cgeps.org\/en\/","title":{"rendered":"Landing"},"content":{"rendered":"<div data-elementor-type=\"wp-page\" data-elementor-id=\"2492\" class=\"elementor elementor-2492\">\n\t\t\t\t\t\t<section class=\"elementor-section elementor-top-section elementor-element elementor-element-28791dc elementor-section-height-full elementor-section-boxed elementor-section-height-default elementor-section-items-middle\" data-id=\"28791dc\" data-element_type=\"section\" data-settings=\"{&quot;background_background&quot;:&quot;classic&quot;}\">\n\t\t\t\t\t\t\t<div class=\"elementor-background-overlay\"><\/div>\n\t\t\t\t\t\t\t<div class=\"elementor-container elementor-column-gap-default\">\n\t\t\t\t\t<div class=\"elementor-column elementor-col-100 elementor-top-column elementor-element elementor-element-6debbdd\" data-id=\"6debbdd\" data-element_type=\"column\">\n\t\t\t<div class=\"elementor-widget-wrap elementor-element-populated\">\n\t\t\t\t\t\t<div class=\"elementor-element elementor-element-e5604cb elementor-widget elementor-widget-image\" data-id=\"e5604cb\" data-element_type=\"widget\" data-widget_type=\"image.default\">\n\t\t\t\t<div class=\"elementor-widget-container\">\n\t\t\t\t\t\t\t\t\t\t\t\t\t\t\t<img decoding=\"async\" src=\"https:\/\/cgeps.org\/wp-content\/uploads\/elementor\/thumbs\/cgeps-logo-texte-blanc-q8vqhms1j9s3gnknurxpr58at842ypyksmzq4xz2k4.png\" title=\"cgeps-logo-texte-blanc\" alt=\"cgeps-logo-texte-blanc\" loading=\"lazy\" \/>\t\t\t\t\t\t\t\t\t\t\t\t\t\t\t<\/div>\n\t\t\t\t<\/div>\n\t\t\t\t<section class=\"elementor-section elementor-inner-section elementor-element elementor-element-7e6f0ba elementor-section-boxed elementor-section-height-default elementor-section-height-default\" data-id=\"7e6f0ba\" data-element_type=\"section\">\n\t\t\t\t\t\t<div class=\"elementor-container elementor-column-gap-default\">\n\t\t\t\t\t<div class=\"elementor-column elementor-col-50 elementor-inner-column elementor-element elementor-element-01d19b3\" data-id=\"01d19b3\" data-element_type=\"column\">\n\t\t\t<div class=\"elementor-widget-wrap elementor-element-populated\">\n\t\t\t\t\t\t<div class=\"elementor-element elementor-element-9dd8d1f elementor-align-center elementor-widget elementor-widget-button\" data-id=\"9dd8d1f\" data-element_type=\"widget\" data-widget_type=\"button.default\">\n\t\t\t\t<div class=\"elementor-widget-container\">\n\t\t\t\t\t\t\t\t\t<div class=\"elementor-button-wrapper\">\n\t\t\t\t\t<a class=\"elementor-button elementor-button-link elementor-size-xl\" href=\"https:\/\/cgeps.org\/en\/accueil\/\">\n\t\t\t\t\t\t<span class=\"elementor-button-content-wrapper\">\n\t\t\t\t\t\t\t\t\t<span class=\"elementor-button-text\">Fran\u00e7ais<\/span>\n\t\t\t\t\t<\/span>\n\t\t\t\t\t<\/a>\n\t\t\t\t<\/div>\n\t\t\t\t\t\t\t\t<\/div>\n\t\t\t\t<\/div>\n\t\t\t\t\t<\/div>\n\t\t<\/div>\n\t\t\t\t<div class=\"elementor-column elementor-col-50 elementor-inner-column elementor-element elementor-element-0f6461f\" data-id=\"0f6461f\" data-element_type=\"column\">\n\t\t\t<div class=\"elementor-widget-wrap elementor-element-populated\">\n\t\t\t\t\t\t<div class=\"elementor-element elementor-element-5fb8833 elementor-align-center elementor-widget elementor-widget-button\" data-id=\"5fb8833\" data-element_type=\"widget\" data-widget_type=\"button.default\">\n\t\t\t\t<div class=\"elementor-widget-container\">\n\t\t\t\t\t\t\t\t\t<div class=\"elementor-button-wrapper\">\n\t\t\t\t\t<a class=\"elementor-button elementor-button-link elementor-size-xl\" href=\"https:\/\/cgeps.org\/en\/accueil\/\">\n\t\t\t\t\t\t<span class=\"elementor-button-content-wrapper\">\n\t\t\t\t\t\t\t\t\t<span class=\"elementor-button-text\">English<\/span>\n\t\t\t\t\t<\/span>\n\t\t\t\t\t<\/a>\n\t\t\t\t<\/div>\n\t\t\t\t\t\t\t\t<\/div>\n\t\t\t\t<\/div>\n\t\t\t\t\t<\/div>\n\t\t<\/div>\n\t\t\t\t\t<\/div>\n\t\t<\/section>\n\t\t\t\t\t<\/div>\n\t\t<\/div>\n\t\t\t\t\t<\/div>\n\t\t<\/section>\n\t\t\t\t<\/div>","protected":false},"excerpt":{"rendered":"<p>Fran\u00e7ais English<\/p>","protected":false},"author":1,"featured_media":2389,"parent":0,"menu_order":0,"comment_status":"closed","ping_status":"closed","template":"elementor_canvas","meta":{"_themeisle_gutenberg_block_has_review":false,"footnotes":""},"class_list":["post-2492","page","type-page","status-publish","has-post-thumbnail","hentry"],"yoast_head":"<!-- This site is optimized with the Yoast SEO plugin v26.8 - https:\/\/yoast.com\/product\/yoast-seo-wordpress\/ -->\n<title>Landing | Centre pour le Genre, la Paix et la S\u00e9curit\u00e9<\/title>\n<meta name=\"robots\" content=\"index, follow, max-snippet:-1, max-image-preview:large, max-video-preview:-1\" \/>\n<link rel=\"canonical\" href=\"https:\/\/cgeps.org\/en\/\" \/>\n<meta property=\"og:locale\" content=\"en_US\" \/>\n<meta property=\"og:type\" content=\"article\" \/>\n<meta property=\"og:title\" content=\"Landing | Centre pour le Genre, la Paix et la S\u00e9curit\u00e9\" \/>\n<meta property=\"og:description\" content=\"Fran\u00e7ais English\" \/>\n<meta property=\"og:url\" content=\"https:\/\/cgeps.org\/en\/\" \/>\n<meta property=\"og:site_name\" content=\"Centre pour le Genre, la Paix et la S\u00e9curit\u00e9\" \/>\n<meta property=\"article:publisher\" content=\"https:\/\/www.facebook.com\/cgeps.org\/\" \/>\n<meta property=\"article:modified_time\" content=\"2023-07-12T02:21:34+00:00\" \/>\n<meta property=\"og:image\" content=\"https:\/\/cgeps.org\/wp-content\/uploads\/2023\/01\/cgeps-logo-carre.jpg\" \/>\n\t<meta property=\"og:image:width\" content=\"400\" \/>\n\t<meta property=\"og:image:height\" content=\"400\" \/>\n\t<meta property=\"og:image:type\" content=\"image\/jpeg\" \/>\n<meta name=\"twitter:card\" content=\"summary_large_image\" \/>\n<meta name=\"twitter:label1\" content=\"Est. reading time\" \/>\n\t<meta name=\"twitter:data1\" content=\"1 minute\" \/>\n<script type=\"application\/ld+json\" class=\"yoast-schema-graph\">{\"@context\":\"https:\/\/schema.org\",\"@graph\":[{\"@type\":\"WebPage\",\"@id\":\"https:\/\/cgeps.org\/\",\"url\":\"https:\/\/cgeps.org\/\",\"name\":\"Landing | Centre pour le Genre, la Paix et la S\u00e9curit\u00e9\",\"isPartOf\":{\"@id\":\"https:\/\/cgeps.org\/#website\"},\"primaryImageOfPage\":{\"@id\":\"https:\/\/cgeps.org\/#primaryimage\"},\"image\":{\"@id\":\"https:\/\/cgeps.org\/#primaryimage\"},\"thumbnailUrl\":\"https:\/\/cgeps.org\/wp-content\/uploads\/2023\/01\/cgeps-logo-carre.jpg\",\"datePublished\":\"2023-07-03T17:58:29+00:00\",\"dateModified\":\"2023-07-12T02:21:34+00:00\",\"breadcrumb\":{\"@id\":\"https:\/\/cgeps.org\/#breadcrumb\"},\"inLanguage\":\"en-US\",\"potentialAction\":[{\"@type\":\"ReadAction\",\"target\":[\"https:\/\/cgeps.org\/\"]}]},{\"@type\":\"ImageObject\",\"inLanguage\":\"en-US\",\"@id\":\"https:\/\/cgeps.org\/#primaryimage\",\"url\":\"https:\/\/cgeps.org\/wp-content\/uploads\/2023\/01\/cgeps-logo-carre.jpg\",\"contentUrl\":\"https:\/\/cgeps.org\/wp-content\/uploads\/2023\/01\/cgeps-logo-carre.jpg\",\"width\":400,\"height\":400},{\"@type\":\"BreadcrumbList\",\"@id\":\"https:\/\/cgeps.org\/#breadcrumb\",\"itemListElement\":[{\"@type\":\"ListItem\",\"position\":1,\"name\":\"Accueil\",\"item\":\"https:\/\/cgeps.org\/\"},{\"@type\":\"ListItem\",\"position\":2,\"name\":\"Landing\"}]},{\"@type\":\"WebSite\",\"@id\":\"https:\/\/cgeps.org\/#website\",\"url\":\"https:\/\/cgeps.org\/\",\"name\":\"Centre pour le Genre, la Paix et la S\u00e9curit\u00e9\",\"description\":\"CGEPS\",\"publisher\":{\"@id\":\"https:\/\/cgeps.org\/#organization\"},\"potentialAction\":[{\"@type\":\"SearchAction\",\"target\":{\"@type\":\"EntryPoint\",\"urlTemplate\":\"https:\/\/cgeps.org\/?s={search_term_string}\"},\"query-input\":{\"@type\":\"PropertyValueSpecification\",\"valueRequired\":true,\"valueName\":\"search_term_string\"}}],\"inLanguage\":\"en-US\"},{\"@type\":\"Organization\",\"@id\":\"https:\/\/cgeps.org\/#organization\",\"name\":\"Centre pour le Genre, la Paix et la S\u00e9curit\u00e9\",\"alternateName\":\"CGEPS\",\"url\":\"https:\/\/cgeps.org\/\",\"logo\":{\"@type\":\"ImageObject\",\"inLanguage\":\"en-US\",\"@id\":\"https:\/\/cgeps.org\/#\/schema\/logo\/image\/\",\"url\":\"https:\/\/cgeps.org\/wp-content\/uploads\/2023\/01\/cgeps-logo-carre.jpg\",\"contentUrl\":\"https:\/\/cgeps.org\/wp-content\/uploads\/2023\/01\/cgeps-logo-carre.jpg\",\"width\":400,\"height\":400,\"caption\":\"Centre pour le Genre, la Paix et la S\u00e9curit\u00e9\"},\"image\":{\"@id\":\"https:\/\/cgeps.org\/#\/schema\/logo\/image\/\"},\"sameAs\":[\"https:\/\/www.facebook.com\/cgeps.org\/\",\"https:\/\/www.youtube.com\/@cgeps\"]}]}<\/script>\n<!-- \/ Yoast SEO plugin. -->","yoast_head_json":{"title":"Landing | Centre pour le Genre, la Paix et la S\u00e9curit\u00e9","robots":{"index":"index","follow":"follow","max-snippet":"max-snippet:-1","max-image-preview":"max-image-preview:large","max-video-preview":"max-video-preview:-1"},"canonical":"https:\/\/cgeps.org\/en\/","og_locale":"en_US","og_type":"article","og_title":"Landing | Centre pour le Genre, la Paix et la S\u00e9curit\u00e9","og_description":"Fran\u00e7ais English","og_url":"https:\/\/cgeps.org\/en\/","og_site_name":"Centre pour le Genre, la Paix et la S\u00e9curit\u00e9","article_publisher":"https:\/\/www.facebook.com\/cgeps.org\/","article_modified_time":"2023-07-12T02:21:34+00:00","og_image":[{"width":400,"height":400,"url":"https:\/\/cgeps.org\/wp-content\/uploads\/2023\/01\/cgeps-logo-carre.jpg","type":"image\/jpeg"}],"twitter_card":"summary_large_image","twitter_misc":{"Est. reading time":"1 minute"},"schema":{"@context":"https:\/\/schema.org","@graph":[{"@type":"WebPage","@id":"https:\/\/cgeps.org\/","url":"https:\/\/cgeps.org\/","name":"Landing | Centre pour le Genre, la Paix et la S\u00e9curit\u00e9","isPartOf":{"@id":"https:\/\/cgeps.org\/#website"},"primaryImageOfPage":{"@id":"https:\/\/cgeps.org\/#primaryimage"},"image":{"@id":"https:\/\/cgeps.org\/#primaryimage"},"thumbnailUrl":"https:\/\/cgeps.org\/wp-content\/uploads\/2023\/01\/cgeps-logo-carre.jpg","datePublished":"2023-07-03T17:58:29+00:00","dateModified":"2023-07-12T02:21:34+00:00","breadcrumb":{"@id":"https:\/\/cgeps.org\/#breadcrumb"},"inLanguage":"en-US","potentialAction":[{"@type":"ReadAction","target":["https:\/\/cgeps.org\/"]}]},{"@type":"ImageObject","inLanguage":"en-US","@id":"https:\/\/cgeps.org\/#primaryimage","url":"https:\/\/cgeps.org\/wp-content\/uploads\/2023\/01\/cgeps-logo-carre.jpg","contentUrl":"https:\/\/cgeps.org\/wp-content\/uploads\/2023\/01\/cgeps-logo-carre.jpg","width":400,"height":400},{"@type":"BreadcrumbList","@id":"https:\/\/cgeps.org\/#breadcrumb","itemListElement":[{"@type":"ListItem","position":1,"name":"Accueil","item":"https:\/\/cgeps.org\/"},{"@type":"ListItem","position":2,"name":"Landing"}]},{"@type":"WebSite","@id":"https:\/\/cgeps.org\/#website","url":"https:\/\/cgeps.org\/","name":"Center for Gender, Peace and Security (CGEPS)","description":"CGEPS","publisher":{"@id":"https:\/\/cgeps.org\/#organization"},"potentialAction":[{"@type":"SearchAction","target":{"@type":"EntryPoint","urlTemplate":"https:\/\/cgeps.org\/?s={search_term_string}"},"query-input":{"@type":"PropertyValueSpecification","valueRequired":true,"valueName":"search_term_string"}}],"inLanguage":"en-US"},{"@type":"Organization","@id":"https:\/\/cgeps.org\/#organization","name":"Center for Gender, Peace and Security (CGEPS)","alternateName":"CGEPS","url":"https:\/\/cgeps.org\/","logo":{"@type":"ImageObject","inLanguage":"en-US","@id":"https:\/\/cgeps.org\/#\/schema\/logo\/image\/","url":"https:\/\/cgeps.org\/wp-content\/uploads\/2023\/01\/cgeps-logo-carre.jpg","contentUrl":"https:\/\/cgeps.org\/wp-content\/uploads\/2023\/01\/cgeps-logo-carre.jpg","width":400,"height":400,"caption":"Centre pour le Genre, la Paix et la S\u00e9curit\u00e9"},"image":{"@id":"https:\/\/cgeps.org\/#\/schema\/logo\/image\/"},"sameAs":["https:\/\/www.facebook.com\/cgeps.org\/","https:\/\/www.youtube.com\/@cgeps"]}]}},"_links":{"self":[{"href":"https:\/\/cgeps.org\/en\/wp-json\/wp\/v2\/pages\/2492"}],"collection":[{"href":"https:\/\/cgeps.org\/en\/wp-json\/wp\/v2\/pages"}],"about":[{"href":"https:\/\/cgeps.org\/en\/wp-json\/wp\/v2\/types\/page"}],"author":[{"embeddable":true,"href":"https:\/\/cgeps.org\/en\/wp-json\/wp\/v2\/users\/1"}],"replies":[{"embeddable":true,"href":"https:\/\/cgeps.org\/en\/wp-json\/wp\/v2\/comments?post=2492"}],"version-history":[{"count":13,"href":"https:\/\/cgeps.org\/en\/wp-json\/wp\/v2\/pages\/2492\/revisions"}],"predecessor-version":[{"id":2558,"href":"https:\/\/cgeps.org\/en\/wp-json\/wp\/v2\/pages\/2492\/revisions\/2558"}],"wp:featuredmedia":[{"embeddable":true,"href":"https:\/\/cgeps.org\/en\/wp-json\/wp\/v2\/media\/2389"}],"wp:attachment":[{"href":"https:\/\/cgeps.org\/en\/wp-json\/wp\/v2\/media?parent=2492"}],"curies":[{"name":"wp","href":"https:\/\/api.w.org\/{rel}","templated":true}]}}