{"id":2338,"date":"2023-01-14T00:30:21","date_gmt":"2023-01-13T23:30:21","guid":{"rendered":"https:\/\/cgeps.org\/?page_id=2338"},"modified":"2023-01-14T00:53:03","modified_gmt":"2023-01-13T23:53:03","slug":"dieudonne-lekane-tsobgou","status":"publish","type":"page","link":"https:\/\/cgeps.org\/en\/equipe\/dieudonne-lekane-tsobgou\/","title":{"rendered":"Dieudonn\u00e9 LEKANE TSOBGOU"},"content":{"rendered":"<div data-elementor-type=\"wp-page\" data-elementor-id=\"2338\" class=\"elementor elementor-2338\">\n\t\t\t\t\t\t<section class=\"elementor-section elementor-top-section elementor-element elementor-element-17c019ea team_membars full_page elementor-section-boxed elementor-section-height-default elementor-section-height-default\" data-id=\"17c019ea\" data-element_type=\"section\">\n\t\t\t\t\t\t<div class=\"elementor-container elementor-column-gap-default\">\n\t\t\t\t\t<div class=\"elementor-column elementor-col-100 elementor-top-column elementor-element elementor-element-4371af95\" data-id=\"4371af95\" data-element_type=\"column\">\n\t\t\t<div class=\"elementor-widget-wrap elementor-element-populated\">\n\t\t\t\t\t\t<section class=\"elementor-section elementor-inner-section elementor-element elementor-element-4cf5ea3d elementor-section-boxed elementor-section-height-default elementor-section-height-default\" data-id=\"4cf5ea3d\" data-element_type=\"section\">\n\t\t\t\t\t\t<div class=\"elementor-container elementor-column-gap-default\">\n\t\t\t\t\t<div class=\"elementor-column elementor-col-100 elementor-inner-column elementor-element elementor-element-4e6eff21\" data-id=\"4e6eff21\" data-element_type=\"column\">\n\t\t\t<div class=\"elementor-widget-wrap elementor-element-populated\">\n\t\t\t\t\t\t<div class=\"elementor-element elementor-element-14d0b6e9 elementor-widget elementor-widget-TeamBanner\" data-id=\"14d0b6e9\" data-element_type=\"widget\" data-widget_type=\"TeamBanner.default\">\n\t\t\t\t<div class=\"elementor-widget-container\">\n\t\t\t\t\t\t\t<div class=\"member_image\">\n\t\t\t<img decoding=\"async\" src=\"https:\/\/cgeps.org\/wp-content\/uploads\/2023\/01\/lekane-tsobgou-dieudonne-banner.jpg\" class=\"img-fluid\" alt=\"img\" \/>\n\t\t\t<div class=\"team_member_details\">\n\t\t\t\t<div class=\"upper_block\">\n\t\t\t\t\t<h2>Dieudonn\u00e9 LEKANE<\/h2>\n\t\t\t\t\t<p>FDDPS team leader<\/p>\n\t\t\t\t<\/div>\n\t\t\t\t<div class=\"lower_block\">\n\t\t\t\t\t\t\t\t\t<div class=\"box_in\">\n\t\t\t\t\t\t<h6>Email : <\/h6>\n\t\t\t\t\t\t<p>lekanedieudonne1@gmail.com <\/p>\n\t\t\t\t\t<\/div>\n\t\t\t\t\t\t\t\t\t<div class=\"box_in\">\n\t\t\t\t\t\t<h6>Phone Number : <\/h6>\n\t\t\t\t\t\t<p>(+237) 699 546 789 <\/p>\n\t\t\t\t\t<\/div>\n\t\t\t\t\t\t\t\t\t<div class=\"box_in\">\n\t\t\t\t\t\t<h6>Address : <\/h6>\n\t\t\t\t\t\t<p>Dschang, Cameroon <\/p>\n\t\t\t\t\t<\/div>\n\t\t\t\t\t\t\t\t\t<div class=\"box_in\">\n\t\t\t\t\t\t<h6>Langue: <\/h6>\n\t\t\t\t\t\t<p>French, English <\/p>\n\t\t\t\t\t<\/div>\n\t\t\t\t\t\t\t\t<\/div>\n\t\t\t<\/div>\n\t\t<\/div>\n\t\t\t\t\t\t<\/div>\n\t\t\t\t<\/div>\n\t\t\t\t\t<\/div>\n\t\t<\/div>\n\t\t\t\t\t<\/div>\n\t\t<\/section>\n\t\t\t\t<section class=\"elementor-section elementor-inner-section elementor-element elementor-element-2a4cac01 educatin_and_skills elementor-section-boxed elementor-section-height-default elementor-section-height-default\" data-id=\"2a4cac01\" data-element_type=\"section\">\n\t\t\t\t\t\t<div class=\"elementor-container elementor-column-gap-default\">\n\t\t\t\t\t<div class=\"elementor-column elementor-col-50 elementor-inner-column elementor-element elementor-element-21dde6cb\" data-id=\"21dde6cb\" data-element_type=\"column\">\n\t\t\t<div class=\"elementor-widget-wrap elementor-element-populated\">\n\t\t\t\t\t\t<div class=\"elementor-element elementor-element-3ab8fc4 elementor-widget elementor-widget-text-editor\" data-id=\"3ab8fc4\" data-element_type=\"widget\" data-widget_type=\"text-editor.default\">\n\t\t\t\t<div class=\"elementor-widget-container\">\n\t\t\t\t\t\t\t\t\t<p><strong>Dieudonn\u00e9 LEKANE TSOBGOU<\/strong> He holds a PhD in Rural Geography from the University of Yaounde and a Dipl\u00f4me de Professeur de l'Enseignement Secondaire (DIPES II). A lecturer and researcher at the University of Dschang, he is also a scientific collaborator at LAPLEC - University of Li\u00e8ge in Belgium. He teaches Territorial and Community Development, Natural Resource Management, Land Mapping and Decision Support and Tourism Geography.<\/p>\t\t\t\t\t\t\t\t<\/div>\n\t\t\t\t<\/div>\n\t\t\t\t\t<\/div>\n\t\t<\/div>\n\t\t\t\t<div class=\"elementor-column elementor-col-50 elementor-inner-column elementor-element elementor-element-1f46ed1e\" data-id=\"1f46ed1e\" data-element_type=\"column\">\n\t\t\t<div class=\"elementor-widget-wrap elementor-element-populated\">\n\t\t\t\t\t\t<div class=\"elementor-element elementor-element-0251c24 elementor-widget elementor-widget-text-editor\" data-id=\"0251c24\" data-element_type=\"widget\" data-widget_type=\"text-editor.default\">\n\t\t\t\t<div class=\"elementor-widget-container\">\n\t\t\t\t\t\t\t\t\t<p><strong>Area of expertise<\/strong><\/p><p>Women and environment ;<\/p><p>Gender and land management ;<\/p><p>Humanitarian information management ;<\/p><p>Natural resource management.<\/p>\t\t\t\t\t\t\t\t<\/div>\n\t\t\t\t<\/div>\n\t\t\t\t\t<\/div>\n\t\t<\/div>\n\t\t\t\t\t<\/div>\n\t\t<\/section>\n\t\t\t\t\t<\/div>\n\t\t<\/div>\n\t\t\t\t\t<\/div>\n\t\t<\/section>\n\t\t\t\t<\/div>","protected":false},"excerpt":{"rendered":"<p>Dieudonn\u00e9 LEKANE Resp. \u00e9quipe FDDPS Email : lekanedieudonne1@gmail.com T\u00e9l\u00e9phone : (+237) 699 546 789 Adresse : Dschang, Cameroun Langue: Fran\u00e7ais, Anglais Dieudonn\u00e9 LEKANE TSOBGOU est Docteur Ph.D en G\u00e9ographie Rurale [&hellip;]<\/p>","protected":false},"author":1,"featured_media":0,"parent":1494,"menu_order":0,"comment_status":"closed","ping_status":"closed","template":"","meta":{"_themeisle_gutenberg_block_has_review":false,"footnotes":""},"class_list":["post-2338","page","type-page","status-publish","hentry"],"yoast_head":"<!-- This site is optimized with the Yoast SEO plugin v26.8 - https:\/\/yoast.com\/product\/yoast-seo-wordpress\/ -->\n<title>Dieudonn\u00e9 LEKANE TSOBGOU | Centre pour le Genre, la Paix et la S\u00e9curit\u00e9<\/title>\n<meta name=\"robots\" content=\"index, follow, max-snippet:-1, max-image-preview:large, max-video-preview:-1\" \/>\n<link rel=\"canonical\" href=\"https:\/\/cgeps.org\/en\/equipe\/dieudonne-lekane-tsobgou\/\" \/>\n<meta property=\"og:locale\" content=\"en_US\" \/>\n<meta property=\"og:type\" content=\"article\" \/>\n<meta property=\"og:title\" content=\"Dieudonn\u00e9 LEKANE TSOBGOU | Centre pour le Genre, la Paix et la S\u00e9curit\u00e9\" \/>\n<meta property=\"og:description\" content=\"Dieudonn\u00e9 LEKANE Resp. \u00e9quipe FDDPS Email : lekanedieudonne1@gmail.com T\u00e9l\u00e9phone : (+237) 699 546 789 Adresse : Dschang, Cameroun Langue: Fran\u00e7ais, Anglais Dieudonn\u00e9 LEKANE TSOBGOU est Docteur Ph.D en G\u00e9ographie Rurale [&hellip;]\" \/>\n<meta property=\"og:url\" content=\"https:\/\/cgeps.org\/en\/equipe\/dieudonne-lekane-tsobgou\/\" \/>\n<meta property=\"og:site_name\" content=\"Centre pour le Genre, la Paix et la S\u00e9curit\u00e9\" \/>\n<meta property=\"article:publisher\" content=\"https:\/\/www.facebook.com\/cgeps.org\/\" \/>\n<meta property=\"article:modified_time\" content=\"2023-01-13T23:53:03+00:00\" \/>\n<meta property=\"og:image\" content=\"https:\/\/cgeps.org\/wp-content\/uploads\/2023\/01\/lekane-tsobgou-dieudonne-banner.jpg\" \/>\n<meta name=\"twitter:card\" content=\"summary_large_image\" \/>\n<meta name=\"twitter:label1\" content=\"Est. reading time\" \/>\n\t<meta name=\"twitter:data1\" content=\"1 minute\" \/>\n<script type=\"application\/ld+json\" class=\"yoast-schema-graph\">{\"@context\":\"https:\/\/schema.org\",\"@graph\":[{\"@type\":\"WebPage\",\"@id\":\"https:\/\/cgeps.org\/equipe\/dieudonne-lekane-tsobgou\/\",\"url\":\"https:\/\/cgeps.org\/equipe\/dieudonne-lekane-tsobgou\/\",\"name\":\"Dieudonn\u00e9 LEKANE TSOBGOU | Centre pour le Genre, la Paix et la S\u00e9curit\u00e9\",\"isPartOf\":{\"@id\":\"https:\/\/cgeps.org\/#website\"},\"primaryImageOfPage\":{\"@id\":\"https:\/\/cgeps.org\/equipe\/dieudonne-lekane-tsobgou\/#primaryimage\"},\"image\":{\"@id\":\"https:\/\/cgeps.org\/equipe\/dieudonne-lekane-tsobgou\/#primaryimage\"},\"thumbnailUrl\":\"https:\/\/cgeps.org\/wp-content\/uploads\/2023\/01\/lekane-tsobgou-dieudonne-banner.jpg\",\"datePublished\":\"2023-01-13T23:30:21+00:00\",\"dateModified\":\"2023-01-13T23:53:03+00:00\",\"breadcrumb\":{\"@id\":\"https:\/\/cgeps.org\/equipe\/dieudonne-lekane-tsobgou\/#breadcrumb\"},\"inLanguage\":\"en-US\",\"potentialAction\":[{\"@type\":\"ReadAction\",\"target\":[\"https:\/\/cgeps.org\/equipe\/dieudonne-lekane-tsobgou\/\"]}]},{\"@type\":\"ImageObject\",\"inLanguage\":\"en-US\",\"@id\":\"https:\/\/cgeps.org\/equipe\/dieudonne-lekane-tsobgou\/#primaryimage\",\"url\":\"https:\/\/cgeps.org\/wp-content\/uploads\/2023\/01\/lekane-tsobgou-dieudonne-banner.jpg\",\"contentUrl\":\"https:\/\/cgeps.org\/wp-content\/uploads\/2023\/01\/lekane-tsobgou-dieudonne-banner.jpg\"},{\"@type\":\"BreadcrumbList\",\"@id\":\"https:\/\/cgeps.org\/equipe\/dieudonne-lekane-tsobgou\/#breadcrumb\",\"itemListElement\":[{\"@type\":\"ListItem\",\"position\":1,\"name\":\"Accueil\",\"item\":\"https:\/\/cgeps.org\/\"},{\"@type\":\"ListItem\",\"position\":2,\"name\":\"Equipe\",\"item\":\"https:\/\/cgeps.org\/equipe\/\"},{\"@type\":\"ListItem\",\"position\":3,\"name\":\"Dieudonn\u00e9 LEKANE TSOBGOU\"}]},{\"@type\":\"WebSite\",\"@id\":\"https:\/\/cgeps.org\/#website\",\"url\":\"https:\/\/cgeps.org\/\",\"name\":\"Centre pour le Genre, la Paix et la S\u00e9curit\u00e9\",\"description\":\"CGEPS\",\"publisher\":{\"@id\":\"https:\/\/cgeps.org\/#organization\"},\"potentialAction\":[{\"@type\":\"SearchAction\",\"target\":{\"@type\":\"EntryPoint\",\"urlTemplate\":\"https:\/\/cgeps.org\/?s={search_term_string}\"},\"query-input\":{\"@type\":\"PropertyValueSpecification\",\"valueRequired\":true,\"valueName\":\"search_term_string\"}}],\"inLanguage\":\"en-US\"},{\"@type\":\"Organization\",\"@id\":\"https:\/\/cgeps.org\/#organization\",\"name\":\"Centre pour le Genre, la Paix et la S\u00e9curit\u00e9\",\"alternateName\":\"CGEPS\",\"url\":\"https:\/\/cgeps.org\/\",\"logo\":{\"@type\":\"ImageObject\",\"inLanguage\":\"en-US\",\"@id\":\"https:\/\/cgeps.org\/#\/schema\/logo\/image\/\",\"url\":\"https:\/\/cgeps.org\/wp-content\/uploads\/2023\/01\/cgeps-logo-carre.jpg\",\"contentUrl\":\"https:\/\/cgeps.org\/wp-content\/uploads\/2023\/01\/cgeps-logo-carre.jpg\",\"width\":400,\"height\":400,\"caption\":\"Centre pour le Genre, la Paix et la S\u00e9curit\u00e9\"},\"image\":{\"@id\":\"https:\/\/cgeps.org\/#\/schema\/logo\/image\/\"},\"sameAs\":[\"https:\/\/www.facebook.com\/cgeps.org\/\",\"https:\/\/www.youtube.com\/@cgeps\"]}]}<\/script>\n<!-- \/ Yoast SEO plugin. -->","yoast_head_json":{"title":"Dieudonn\u00e9 LEKANE TSOBGOU | Centre pour le Genre, la Paix et la S\u00e9curit\u00e9","robots":{"index":"index","follow":"follow","max-snippet":"max-snippet:-1","max-image-preview":"max-image-preview:large","max-video-preview":"max-video-preview:-1"},"canonical":"https:\/\/cgeps.org\/en\/equipe\/dieudonne-lekane-tsobgou\/","og_locale":"en_US","og_type":"article","og_title":"Dieudonn\u00e9 LEKANE TSOBGOU | Centre pour le Genre, la Paix et la S\u00e9curit\u00e9","og_description":"Dieudonn\u00e9 LEKANE Resp. \u00e9quipe FDDPS Email : lekanedieudonne1@gmail.com T\u00e9l\u00e9phone : (+237) 699 546 789 Adresse : Dschang, Cameroun Langue: Fran\u00e7ais, Anglais Dieudonn\u00e9 LEKANE TSOBGOU est Docteur Ph.D en G\u00e9ographie Rurale [&hellip;]","og_url":"https:\/\/cgeps.org\/en\/equipe\/dieudonne-lekane-tsobgou\/","og_site_name":"Centre pour le Genre, la Paix et la S\u00e9curit\u00e9","article_publisher":"https:\/\/www.facebook.com\/cgeps.org\/","article_modified_time":"2023-01-13T23:53:03+00:00","og_image":[{"url":"https:\/\/cgeps.org\/wp-content\/uploads\/2023\/01\/lekane-tsobgou-dieudonne-banner.jpg","type":"","width":"","height":""}],"twitter_card":"summary_large_image","twitter_misc":{"Est. reading time":"1 minute"},"schema":{"@context":"https:\/\/schema.org","@graph":[{"@type":"WebPage","@id":"https:\/\/cgeps.org\/equipe\/dieudonne-lekane-tsobgou\/","url":"https:\/\/cgeps.org\/equipe\/dieudonne-lekane-tsobgou\/","name":"Dieudonn\u00e9 LEKANE TSOBGOU | Centre pour le Genre, la Paix et la S\u00e9curit\u00e9","isPartOf":{"@id":"https:\/\/cgeps.org\/#website"},"primaryImageOfPage":{"@id":"https:\/\/cgeps.org\/equipe\/dieudonne-lekane-tsobgou\/#primaryimage"},"image":{"@id":"https:\/\/cgeps.org\/equipe\/dieudonne-lekane-tsobgou\/#primaryimage"},"thumbnailUrl":"https:\/\/cgeps.org\/wp-content\/uploads\/2023\/01\/lekane-tsobgou-dieudonne-banner.jpg","datePublished":"2023-01-13T23:30:21+00:00","dateModified":"2023-01-13T23:53:03+00:00","breadcrumb":{"@id":"https:\/\/cgeps.org\/equipe\/dieudonne-lekane-tsobgou\/#breadcrumb"},"inLanguage":"en-US","potentialAction":[{"@type":"ReadAction","target":["https:\/\/cgeps.org\/equipe\/dieudonne-lekane-tsobgou\/"]}]},{"@type":"ImageObject","inLanguage":"en-US","@id":"https:\/\/cgeps.org\/equipe\/dieudonne-lekane-tsobgou\/#primaryimage","url":"https:\/\/cgeps.org\/wp-content\/uploads\/2023\/01\/lekane-tsobgou-dieudonne-banner.jpg","contentUrl":"https:\/\/cgeps.org\/wp-content\/uploads\/2023\/01\/lekane-tsobgou-dieudonne-banner.jpg"},{"@type":"BreadcrumbList","@id":"https:\/\/cgeps.org\/equipe\/dieudonne-lekane-tsobgou\/#breadcrumb","itemListElement":[{"@type":"ListItem","position":1,"name":"Accueil","item":"https:\/\/cgeps.org\/"},{"@type":"ListItem","position":2,"name":"Equipe","item":"https:\/\/cgeps.org\/equipe\/"},{"@type":"ListItem","position":3,"name":"Dieudonn\u00e9 LEKANE TSOBGOU"}]},{"@type":"WebSite","@id":"https:\/\/cgeps.org\/#website","url":"https:\/\/cgeps.org\/","name":"Center for Gender, Peace and Security (CGEPS)","description":"CGEPS","publisher":{"@id":"https:\/\/cgeps.org\/#organization"},"potentialAction":[{"@type":"SearchAction","target":{"@type":"EntryPoint","urlTemplate":"https:\/\/cgeps.org\/?s={search_term_string}"},"query-input":{"@type":"PropertyValueSpecification","valueRequired":true,"valueName":"search_term_string"}}],"inLanguage":"en-US"},{"@type":"Organization","@id":"https:\/\/cgeps.org\/#organization","name":"Center for Gender, Peace and Security (CGEPS)","alternateName":"CGEPS","url":"https:\/\/cgeps.org\/","logo":{"@type":"ImageObject","inLanguage":"en-US","@id":"https:\/\/cgeps.org\/#\/schema\/logo\/image\/","url":"https:\/\/cgeps.org\/wp-content\/uploads\/2023\/01\/cgeps-logo-carre.jpg","contentUrl":"https:\/\/cgeps.org\/wp-content\/uploads\/2023\/01\/cgeps-logo-carre.jpg","width":400,"height":400,"caption":"Centre pour le Genre, la Paix et la S\u00e9curit\u00e9"},"image":{"@id":"https:\/\/cgeps.org\/#\/schema\/logo\/image\/"},"sameAs":["https:\/\/www.facebook.com\/cgeps.org\/","https:\/\/www.youtube.com\/@cgeps"]}]}},"_links":{"self":[{"href":"https:\/\/cgeps.org\/en\/wp-json\/wp\/v2\/pages\/2338"}],"collection":[{"href":"https:\/\/cgeps.org\/en\/wp-json\/wp\/v2\/pages"}],"about":[{"href":"https:\/\/cgeps.org\/en\/wp-json\/wp\/v2\/types\/page"}],"author":[{"embeddable":true,"href":"https:\/\/cgeps.org\/en\/wp-json\/wp\/v2\/users\/1"}],"replies":[{"embeddable":true,"href":"https:\/\/cgeps.org\/en\/wp-json\/wp\/v2\/comments?post=2338"}],"version-history":[{"count":10,"href":"https:\/\/cgeps.org\/en\/wp-json\/wp\/v2\/pages\/2338\/revisions"}],"predecessor-version":[{"id":2360,"href":"https:\/\/cgeps.org\/en\/wp-json\/wp\/v2\/pages\/2338\/revisions\/2360"}],"up":[{"embeddable":true,"href":"https:\/\/cgeps.org\/en\/wp-json\/wp\/v2\/pages\/1494"}],"wp:attachment":[{"href":"https:\/\/cgeps.org\/en\/wp-json\/wp\/v2\/media?parent=2338"}],"curies":[{"name":"wp","href":"https:\/\/api.w.org\/{rel}","templated":true}]}}