{"id":2175,"date":"2023-01-12T11:08:33","date_gmt":"2023-01-12T10:08:33","guid":{"rendered":"https:\/\/cgeps.org\/?page_id=2175"},"modified":"2023-07-11T10:09:00","modified_gmt":"2023-07-11T09:09:00","slug":"williams-pokam","status":"publish","type":"page","link":"https:\/\/cgeps.org\/en\/equipe\/williams-pokam\/","title":{"rendered":"Williams POKAM"},"content":{"rendered":"<div data-elementor-type=\"wp-page\" data-elementor-id=\"2175\" class=\"elementor elementor-2175\">\n\t\t\t\t\t\t<section class=\"elementor-section elementor-top-section elementor-element elementor-element-17c019ea team_membars full_page elementor-section-boxed elementor-section-height-default elementor-section-height-default\" data-id=\"17c019ea\" data-element_type=\"section\">\n\t\t\t\t\t\t<div class=\"elementor-container elementor-column-gap-default\">\n\t\t\t\t\t<div class=\"elementor-column elementor-col-100 elementor-top-column elementor-element elementor-element-4371af95\" data-id=\"4371af95\" data-element_type=\"column\">\n\t\t\t<div class=\"elementor-widget-wrap elementor-element-populated\">\n\t\t\t\t\t\t<section class=\"elementor-section elementor-inner-section elementor-element elementor-element-4cf5ea3d elementor-section-boxed elementor-section-height-default elementor-section-height-default\" data-id=\"4cf5ea3d\" data-element_type=\"section\">\n\t\t\t\t\t\t<div class=\"elementor-container elementor-column-gap-default\">\n\t\t\t\t\t<div class=\"elementor-column elementor-col-100 elementor-inner-column elementor-element elementor-element-4e6eff21\" data-id=\"4e6eff21\" data-element_type=\"column\">\n\t\t\t<div class=\"elementor-widget-wrap elementor-element-populated\">\n\t\t\t\t\t\t<div class=\"elementor-element elementor-element-14d0b6e9 elementor-widget elementor-widget-TeamBanner\" data-id=\"14d0b6e9\" data-element_type=\"widget\" data-widget_type=\"TeamBanner.default\">\n\t\t\t\t<div class=\"elementor-widget-container\">\n\t\t\t\t\t\t\t<div class=\"member_image\">\n\t\t\t<img decoding=\"async\" src=\"https:\/\/cgeps.org\/wp-content\/uploads\/2023\/01\/william-pokam-banner.jpg\" class=\"img-fluid\" alt=\"img\" \/>\n\t\t\t<div class=\"team_member_details\">\n\t\t\t\t<div class=\"upper_block\">\n\t\t\t\t\t<h2>Williams POKAM KAMDEM<\/h2>\n\t\t\t\t\t<p>GEPS team leader<\/p>\n\t\t\t\t<\/div>\n\t\t\t\t<div class=\"lower_block\">\n\t\t\t\t\t\t\t\t\t<div class=\"box_in\">\n\t\t\t\t\t\t<h6>Email : <\/h6>\n\t\t\t\t\t\t<p>williamspokam@gmail.com <\/p>\n\t\t\t\t\t<\/div>\n\t\t\t\t\t\t\t\t\t<div class=\"box_in\">\n\t\t\t\t\t\t<h6>Phone Number : <\/h6>\n\t\t\t\t\t\t<p>(+237) 695201292 <\/p>\n\t\t\t\t\t<\/div>\n\t\t\t\t\t\t\t\t\t<div class=\"box_in\">\n\t\t\t\t\t\t<h6>Address : <\/h6>\n\t\t\t\t\t\t<p>Dschang, Cameroon <\/p>\n\t\t\t\t\t<\/div>\n\t\t\t\t\t\t\t\t\t<div class=\"box_in\">\n\t\t\t\t\t\t<h6>Language : <\/h6>\n\t\t\t\t\t\t<p>French, English <\/p>\n\t\t\t\t\t<\/div>\n\t\t\t\t\t\t\t\t<\/div>\n\t\t\t<\/div>\n\t\t<\/div>\n\t\t\t\t\t\t<\/div>\n\t\t\t\t<\/div>\n\t\t\t\t\t<\/div>\n\t\t<\/div>\n\t\t\t\t\t<\/div>\n\t\t<\/section>\n\t\t\t\t<section class=\"elementor-section elementor-inner-section elementor-element elementor-element-2a4cac01 educatin_and_skills elementor-section-boxed elementor-section-height-default elementor-section-height-default\" data-id=\"2a4cac01\" data-element_type=\"section\">\n\t\t\t\t\t\t<div class=\"elementor-container elementor-column-gap-default\">\n\t\t\t\t\t<div class=\"elementor-column elementor-col-50 elementor-inner-column elementor-element elementor-element-21dde6cb\" data-id=\"21dde6cb\" data-element_type=\"column\">\n\t\t\t<div class=\"elementor-widget-wrap elementor-element-populated\">\n\t\t\t\t\t\t<div class=\"elementor-element elementor-element-3ab8fc4 elementor-widget elementor-widget-text-editor\" data-id=\"3ab8fc4\" data-element_type=\"widget\" data-widget_type=\"text-editor.default\">\n\t\t\t\t<div class=\"elementor-widget-container\">\n\t\t\t\t\t\t\t\t\t<p><strong>Williams Pokam Kamdem<\/strong> is a lecturer-researcher in the Department of History and Archaeology at the University of Dschang. Since 2021, he has been working on gender issues, in particular women's role in economic conflicts.<\/p><p>Within the <em>Center for gender, peace and<\/em> <em>security<\/em> (CGEPS), he is in charge of the \"Gender, Economy, Peace and Security\" research team (GEcPS) \".\u00a0<\/p>\t\t\t\t\t\t\t\t<\/div>\n\t\t\t\t<\/div>\n\t\t\t\t\t<\/div>\n\t\t<\/div>\n\t\t\t\t<div class=\"elementor-column elementor-col-50 elementor-inner-column elementor-element elementor-element-1f46ed1e\" data-id=\"1f46ed1e\" data-element_type=\"column\">\n\t\t\t<div class=\"elementor-widget-wrap elementor-element-populated\">\n\t\t\t\t\t\t<div class=\"elementor-element elementor-element-0251c24 elementor-widget elementor-widget-text-editor\" data-id=\"0251c24\" data-element_type=\"widget\" data-widget_type=\"text-editor.default\">\n\t\t\t\t<div class=\"elementor-widget-container\">\n\t\t\t\t\t\t\t\t\t<p>A doctor in economic and social history, his researches focus on the history of energy, the history of public action and economic security in Africa. He has been <em>fellow<\/em> of the Institut d'\u00c9tudes Avanc\u00e9es (IEA) de Nantes and visiting researcher at the Universit\u00e9 de Nantes in 2019-2020. He is the author of some twenty publications.<\/p>\t\t\t\t\t\t\t\t<\/div>\n\t\t\t\t<\/div>\n\t\t\t\t\t<\/div>\n\t\t<\/div>\n\t\t\t\t\t<\/div>\n\t\t<\/section>\n\t\t\t\t<div class=\"elementor-element elementor-element-284480d elementor-widget elementor-widget-heading\" data-id=\"284480d\" data-element_type=\"widget\" data-widget_type=\"heading.default\">\n\t\t\t\t<div class=\"elementor-widget-container\">\n\t\t\t\t\t<h2 class=\"elementor-heading-title elementor-size-default\">Publications<\/h2>\t\t\t\t<\/div>\n\t\t\t\t<\/div>\n\t\t\t\t<section class=\"elementor-section elementor-inner-section elementor-element elementor-element-5094a66 educatin_and_skills elementor-section-boxed elementor-section-height-default elementor-section-height-default\" data-id=\"5094a66\" data-element_type=\"section\">\n\t\t\t\t\t\t<div class=\"elementor-container elementor-column-gap-default\">\n\t\t\t\t\t<div class=\"elementor-column elementor-col-50 elementor-inner-column elementor-element elementor-element-107bf1c\" data-id=\"107bf1c\" data-element_type=\"column\">\n\t\t\t<div class=\"elementor-widget-wrap elementor-element-populated\">\n\t\t\t\t\t\t<div class=\"elementor-element elementor-element-9b4c7a3 elementor-position-inline-start elementor-view-default elementor-mobile-position-block-start elementor-widget elementor-widget-icon-box\" data-id=\"9b4c7a3\" data-element_type=\"widget\" data-widget_type=\"icon-box.default\">\n\t\t\t\t<div class=\"elementor-widget-container\">\n\t\t\t\t\t\t\t<div class=\"elementor-icon-box-wrapper\">\n\n\t\t\t\t\t\t<div class=\"elementor-icon-box-icon\">\n\t\t\t\t<span  class=\"elementor-icon\">\n\t\t\t\t<i aria-hidden=\"true\" class=\"far fa-dot-circle\"><\/i>\t\t\t\t<\/span>\n\t\t\t<\/div>\n\t\t\t\n\t\t\t\t\t\t<div class=\"elementor-icon-box-content\">\n\n\t\t\t\t\n\t\t\t\t\t\t\t\t\t<p class=\"elementor-icon-box-description\">\n\t\t\t\t\t\t<b>\u00ab L\u2019\u00c9tat et les soci\u00e9t\u00e9s priv\u00e9es de s\u00e9curit\u00e9 au Cameroun \u00bb<\/b>, in \u00c9douard E. Yogo, A look at human security in Central Africa, Edilivre (2018)\t\t\t\t\t<\/p>\n\t\t\t\t\n\t\t\t<\/div>\n\t\t\t\n\t\t<\/div>\n\t\t\t\t\t\t<\/div>\n\t\t\t\t<\/div>\n\t\t\t\t\t<\/div>\n\t\t<\/div>\n\t\t\t\t<div class=\"elementor-column elementor-col-50 elementor-inner-column elementor-element elementor-element-1c371ea\" data-id=\"1c371ea\" data-element_type=\"column\">\n\t\t\t<div class=\"elementor-widget-wrap elementor-element-populated\">\n\t\t\t\t\t\t<div class=\"elementor-element elementor-element-0be669f elementor-position-inline-start elementor-view-default elementor-mobile-position-block-start elementor-widget elementor-widget-icon-box\" data-id=\"0be669f\" data-element_type=\"widget\" data-widget_type=\"icon-box.default\">\n\t\t\t\t<div class=\"elementor-widget-container\">\n\t\t\t\t\t\t\t<div class=\"elementor-icon-box-wrapper\">\n\n\t\t\t\t\t\t<div class=\"elementor-icon-box-icon\">\n\t\t\t\t<span  class=\"elementor-icon\">\n\t\t\t\t<i aria-hidden=\"true\" class=\"far fa-dot-circle\"><\/i>\t\t\t\t<\/span>\n\t\t\t<\/div>\n\t\t\t\n\t\t\t\t\t\t<div class=\"elementor-icon-box-content\">\n\n\t\t\t\t\n\t\t\t\t\t\t\t\t\t<p class=\"elementor-icon-box-description\">\n\t\t\t\t\t\tEnergy in Cameroon in the 20th century: between public authorities and companies, an intricate story, Peter Lang (2021).\t\t\t\t\t<\/p>\n\t\t\t\t\n\t\t\t<\/div>\n\t\t\t\n\t\t<\/div>\n\t\t\t\t\t\t<\/div>\n\t\t\t\t<\/div>\n\t\t\t\t\t<\/div>\n\t\t<\/div>\n\t\t\t\t\t<\/div>\n\t\t<\/section>\n\t\t\t\t\t<\/div>\n\t\t<\/div>\n\t\t\t\t\t<\/div>\n\t\t<\/section>\n\t\t\t\t<\/div>","protected":false},"excerpt":{"rendered":"<p>Williams POKAM KAMDEM Resp. \u00e9quipe GEPS Email : williamspokam@gmail.com T\u00e9l\u00e9phone : (+237) 695201292 Adresse : Dschang, Cameroun Langue : Fran\u00e7ais, Anglais Williams Pokam Kamdem est enseignant-chercheur au D\u00e9partement d\u2019Histoire et [&hellip;]<\/p>","protected":false},"author":1,"featured_media":0,"parent":1494,"menu_order":0,"comment_status":"closed","ping_status":"closed","template":"","meta":{"_themeisle_gutenberg_block_has_review":false,"footnotes":""},"class_list":["post-2175","page","type-page","status-publish","hentry"],"yoast_head":"<!-- This site is optimized with the Yoast SEO plugin v26.8 - https:\/\/yoast.com\/product\/yoast-seo-wordpress\/ -->\n<title>Williams POKAM | Centre pour le Genre, la Paix et la S\u00e9curit\u00e9<\/title>\n<meta name=\"robots\" content=\"index, follow, max-snippet:-1, max-image-preview:large, max-video-preview:-1\" \/>\n<link rel=\"canonical\" href=\"https:\/\/cgeps.org\/en\/equipe\/williams-pokam\/\" \/>\n<meta property=\"og:locale\" content=\"en_US\" \/>\n<meta property=\"og:type\" content=\"article\" \/>\n<meta property=\"og:title\" content=\"Williams POKAM | Centre pour le Genre, la Paix et la S\u00e9curit\u00e9\" \/>\n<meta property=\"og:description\" content=\"Williams POKAM KAMDEM Resp. \u00e9quipe GEPS Email : williamspokam@gmail.com T\u00e9l\u00e9phone : (+237) 695201292 Adresse : Dschang, Cameroun Langue : Fran\u00e7ais, Anglais Williams Pokam Kamdem est enseignant-chercheur au D\u00e9partement d\u2019Histoire et [&hellip;]\" \/>\n<meta property=\"og:url\" content=\"https:\/\/cgeps.org\/en\/equipe\/williams-pokam\/\" \/>\n<meta property=\"og:site_name\" content=\"Centre pour le Genre, la Paix et la S\u00e9curit\u00e9\" \/>\n<meta property=\"article:publisher\" content=\"https:\/\/www.facebook.com\/cgeps.org\/\" \/>\n<meta property=\"article:modified_time\" content=\"2023-07-11T09:09:00+00:00\" \/>\n<meta property=\"og:image\" content=\"https:\/\/cgeps.org\/wp-content\/uploads\/2023\/01\/william-pokam-banner.jpg\" \/>\n<meta name=\"twitter:card\" content=\"summary_large_image\" \/>\n<meta name=\"twitter:label1\" content=\"Est. reading time\" \/>\n\t<meta name=\"twitter:data1\" content=\"2 minutes\" \/>\n<script type=\"application\/ld+json\" class=\"yoast-schema-graph\">{\"@context\":\"https:\/\/schema.org\",\"@graph\":[{\"@type\":\"WebPage\",\"@id\":\"https:\/\/cgeps.org\/equipe\/williams-pokam\/\",\"url\":\"https:\/\/cgeps.org\/equipe\/williams-pokam\/\",\"name\":\"Williams POKAM | Centre pour le Genre, la Paix et la S\u00e9curit\u00e9\",\"isPartOf\":{\"@id\":\"https:\/\/cgeps.org\/#website\"},\"primaryImageOfPage\":{\"@id\":\"https:\/\/cgeps.org\/equipe\/williams-pokam\/#primaryimage\"},\"image\":{\"@id\":\"https:\/\/cgeps.org\/equipe\/williams-pokam\/#primaryimage\"},\"thumbnailUrl\":\"https:\/\/cgeps.org\/wp-content\/uploads\/2023\/01\/william-pokam-banner.jpg\",\"datePublished\":\"2023-01-12T10:08:33+00:00\",\"dateModified\":\"2023-07-11T09:09:00+00:00\",\"breadcrumb\":{\"@id\":\"https:\/\/cgeps.org\/equipe\/williams-pokam\/#breadcrumb\"},\"inLanguage\":\"en-US\",\"potentialAction\":[{\"@type\":\"ReadAction\",\"target\":[\"https:\/\/cgeps.org\/equipe\/williams-pokam\/\"]}]},{\"@type\":\"ImageObject\",\"inLanguage\":\"en-US\",\"@id\":\"https:\/\/cgeps.org\/equipe\/williams-pokam\/#primaryimage\",\"url\":\"https:\/\/cgeps.org\/wp-content\/uploads\/2023\/01\/william-pokam-banner.jpg\",\"contentUrl\":\"https:\/\/cgeps.org\/wp-content\/uploads\/2023\/01\/william-pokam-banner.jpg\"},{\"@type\":\"BreadcrumbList\",\"@id\":\"https:\/\/cgeps.org\/equipe\/williams-pokam\/#breadcrumb\",\"itemListElement\":[{\"@type\":\"ListItem\",\"position\":1,\"name\":\"Accueil\",\"item\":\"https:\/\/cgeps.org\/\"},{\"@type\":\"ListItem\",\"position\":2,\"name\":\"Equipe\",\"item\":\"https:\/\/cgeps.org\/equipe\/\"},{\"@type\":\"ListItem\",\"position\":3,\"name\":\"Williams POKAM\"}]},{\"@type\":\"WebSite\",\"@id\":\"https:\/\/cgeps.org\/#website\",\"url\":\"https:\/\/cgeps.org\/\",\"name\":\"Centre pour le Genre, la Paix et la S\u00e9curit\u00e9\",\"description\":\"CGEPS\",\"publisher\":{\"@id\":\"https:\/\/cgeps.org\/#organization\"},\"potentialAction\":[{\"@type\":\"SearchAction\",\"target\":{\"@type\":\"EntryPoint\",\"urlTemplate\":\"https:\/\/cgeps.org\/?s={search_term_string}\"},\"query-input\":{\"@type\":\"PropertyValueSpecification\",\"valueRequired\":true,\"valueName\":\"search_term_string\"}}],\"inLanguage\":\"en-US\"},{\"@type\":\"Organization\",\"@id\":\"https:\/\/cgeps.org\/#organization\",\"name\":\"Centre pour le Genre, la Paix et la S\u00e9curit\u00e9\",\"alternateName\":\"CGEPS\",\"url\":\"https:\/\/cgeps.org\/\",\"logo\":{\"@type\":\"ImageObject\",\"inLanguage\":\"en-US\",\"@id\":\"https:\/\/cgeps.org\/#\/schema\/logo\/image\/\",\"url\":\"https:\/\/cgeps.org\/wp-content\/uploads\/2023\/01\/cgeps-logo-carre.jpg\",\"contentUrl\":\"https:\/\/cgeps.org\/wp-content\/uploads\/2023\/01\/cgeps-logo-carre.jpg\",\"width\":400,\"height\":400,\"caption\":\"Centre pour le Genre, la Paix et la S\u00e9curit\u00e9\"},\"image\":{\"@id\":\"https:\/\/cgeps.org\/#\/schema\/logo\/image\/\"},\"sameAs\":[\"https:\/\/www.facebook.com\/cgeps.org\/\",\"https:\/\/www.youtube.com\/@cgeps\"]}]}<\/script>\n<!-- \/ Yoast SEO plugin. -->","yoast_head_json":{"title":"Williams POKAM | Centre pour le Genre, la Paix et la S\u00e9curit\u00e9","robots":{"index":"index","follow":"follow","max-snippet":"max-snippet:-1","max-image-preview":"max-image-preview:large","max-video-preview":"max-video-preview:-1"},"canonical":"https:\/\/cgeps.org\/en\/equipe\/williams-pokam\/","og_locale":"en_US","og_type":"article","og_title":"Williams POKAM | Centre pour le Genre, la Paix et la S\u00e9curit\u00e9","og_description":"Williams POKAM KAMDEM Resp. \u00e9quipe GEPS Email : williamspokam@gmail.com T\u00e9l\u00e9phone : (+237) 695201292 Adresse : Dschang, Cameroun Langue : Fran\u00e7ais, Anglais Williams Pokam Kamdem est enseignant-chercheur au D\u00e9partement d\u2019Histoire et [&hellip;]","og_url":"https:\/\/cgeps.org\/en\/equipe\/williams-pokam\/","og_site_name":"Centre pour le Genre, la Paix et la S\u00e9curit\u00e9","article_publisher":"https:\/\/www.facebook.com\/cgeps.org\/","article_modified_time":"2023-07-11T09:09:00+00:00","og_image":[{"url":"https:\/\/cgeps.org\/wp-content\/uploads\/2023\/01\/william-pokam-banner.jpg","type":"","width":"","height":""}],"twitter_card":"summary_large_image","twitter_misc":{"Est. reading time":"2 minutes"},"schema":{"@context":"https:\/\/schema.org","@graph":[{"@type":"WebPage","@id":"https:\/\/cgeps.org\/equipe\/williams-pokam\/","url":"https:\/\/cgeps.org\/equipe\/williams-pokam\/","name":"Williams POKAM | Centre pour le Genre, la Paix et la S\u00e9curit\u00e9","isPartOf":{"@id":"https:\/\/cgeps.org\/#website"},"primaryImageOfPage":{"@id":"https:\/\/cgeps.org\/equipe\/williams-pokam\/#primaryimage"},"image":{"@id":"https:\/\/cgeps.org\/equipe\/williams-pokam\/#primaryimage"},"thumbnailUrl":"https:\/\/cgeps.org\/wp-content\/uploads\/2023\/01\/william-pokam-banner.jpg","datePublished":"2023-01-12T10:08:33+00:00","dateModified":"2023-07-11T09:09:00+00:00","breadcrumb":{"@id":"https:\/\/cgeps.org\/equipe\/williams-pokam\/#breadcrumb"},"inLanguage":"en-US","potentialAction":[{"@type":"ReadAction","target":["https:\/\/cgeps.org\/equipe\/williams-pokam\/"]}]},{"@type":"ImageObject","inLanguage":"en-US","@id":"https:\/\/cgeps.org\/equipe\/williams-pokam\/#primaryimage","url":"https:\/\/cgeps.org\/wp-content\/uploads\/2023\/01\/william-pokam-banner.jpg","contentUrl":"https:\/\/cgeps.org\/wp-content\/uploads\/2023\/01\/william-pokam-banner.jpg"},{"@type":"BreadcrumbList","@id":"https:\/\/cgeps.org\/equipe\/williams-pokam\/#breadcrumb","itemListElement":[{"@type":"ListItem","position":1,"name":"Accueil","item":"https:\/\/cgeps.org\/"},{"@type":"ListItem","position":2,"name":"Equipe","item":"https:\/\/cgeps.org\/equipe\/"},{"@type":"ListItem","position":3,"name":"Williams POKAM"}]},{"@type":"WebSite","@id":"https:\/\/cgeps.org\/#website","url":"https:\/\/cgeps.org\/","name":"Center for Gender, Peace and Security (CGEPS)","description":"CGEPS","publisher":{"@id":"https:\/\/cgeps.org\/#organization"},"potentialAction":[{"@type":"SearchAction","target":{"@type":"EntryPoint","urlTemplate":"https:\/\/cgeps.org\/?s={search_term_string}"},"query-input":{"@type":"PropertyValueSpecification","valueRequired":true,"valueName":"search_term_string"}}],"inLanguage":"en-US"},{"@type":"Organization","@id":"https:\/\/cgeps.org\/#organization","name":"Center for Gender, Peace and Security (CGEPS)","alternateName":"CGEPS","url":"https:\/\/cgeps.org\/","logo":{"@type":"ImageObject","inLanguage":"en-US","@id":"https:\/\/cgeps.org\/#\/schema\/logo\/image\/","url":"https:\/\/cgeps.org\/wp-content\/uploads\/2023\/01\/cgeps-logo-carre.jpg","contentUrl":"https:\/\/cgeps.org\/wp-content\/uploads\/2023\/01\/cgeps-logo-carre.jpg","width":400,"height":400,"caption":"Centre pour le Genre, la Paix et la S\u00e9curit\u00e9"},"image":{"@id":"https:\/\/cgeps.org\/#\/schema\/logo\/image\/"},"sameAs":["https:\/\/www.facebook.com\/cgeps.org\/","https:\/\/www.youtube.com\/@cgeps"]}]}},"_links":{"self":[{"href":"https:\/\/cgeps.org\/en\/wp-json\/wp\/v2\/pages\/2175"}],"collection":[{"href":"https:\/\/cgeps.org\/en\/wp-json\/wp\/v2\/pages"}],"about":[{"href":"https:\/\/cgeps.org\/en\/wp-json\/wp\/v2\/types\/page"}],"author":[{"embeddable":true,"href":"https:\/\/cgeps.org\/en\/wp-json\/wp\/v2\/users\/1"}],"replies":[{"embeddable":true,"href":"https:\/\/cgeps.org\/en\/wp-json\/wp\/v2\/comments?post=2175"}],"version-history":[{"count":11,"href":"https:\/\/cgeps.org\/en\/wp-json\/wp\/v2\/pages\/2175\/revisions"}],"predecessor-version":[{"id":2545,"href":"https:\/\/cgeps.org\/en\/wp-json\/wp\/v2\/pages\/2175\/revisions\/2545"}],"up":[{"embeddable":true,"href":"https:\/\/cgeps.org\/en\/wp-json\/wp\/v2\/pages\/1494"}],"wp:attachment":[{"href":"https:\/\/cgeps.org\/en\/wp-json\/wp\/v2\/media?parent=2175"}],"curies":[{"name":"wp","href":"https:\/\/api.w.org\/{rel}","templated":true}]}}